{"id":2791,"date":"2019-03-17T22:03:19","date_gmt":"2019-03-17T21:03:19","guid":{"rendered":"https:\/\/www.brettnacher.org\/brettnacher_wp\/konzerte-2\/"},"modified":"2024-01-20T21:51:52","modified_gmt":"2024-01-20T20:51:52","slug":"ballroom-dance","status":"publish","type":"page","link":"https:\/\/www.brettnacher.org\/musik\/ballroom-dance\/","title":{"rendered":"Ballroom Dance"},"content":{"rendered":"\t\t<div data-elementor-type=\"wp-post\" data-elementor-id=\"2791\" class=\"elementor elementor-2791\">\n\t\t\t\t\t\t<section class=\"has_eae_slider elementor-section elementor-top-section elementor-element elementor-element-7e37d99 elementor-section-boxed elementor-section-height-default elementor-section-height-default\" data-id=\"7e37d99\" data-element_type=\"section\">\n\t\t\t\t\t\t<div class=\"elementor-container elementor-column-gap-default\">\n\t\t\t\t\t<div class=\"has_eae_slider elementor-column elementor-col-100 elementor-top-column elementor-element elementor-element-1066021\" data-id=\"1066021\" data-element_type=\"column\">\n\t\t\t<div class=\"elementor-widget-wrap elementor-element-populated\">\n\t\t\t\t\t\t<div class=\"elementor-element elementor-element-bbcef5e elementor-invisible elementor-widget elementor-widget-heading\" data-id=\"bbcef5e\" data-element_type=\"widget\" data-settings=\"{&quot;_animation&quot;:&quot;fadeInDown&quot;,&quot;_animation_tablet&quot;:&quot;fadeInDown&quot;,&quot;_animation_mobile&quot;:&quot;fadeInDown&quot;}\" data-widget_type=\"heading.default\">\n\t\t\t\t<div class=\"elementor-widget-container\">\n\t\t\t<h2 class=\"elementor-heading-title elementor-size-default\">- Ballroom Dance -<\/h2>\t\t<\/div>\n\t\t\t\t<\/div>\n\t\t\t\t<div class=\"elementor-element elementor-element-b90cf22 elementor-widget elementor-widget-spacer\" data-id=\"b90cf22\" data-element_type=\"widget\" data-widget_type=\"spacer.default\">\n\t\t\t\t<div class=\"elementor-widget-container\">\n\t\t\t\t\t<div class=\"elementor-spacer\">\n\t\t\t<div class=\"elementor-spacer-inner\"><\/div>\n\t\t<\/div>\n\t\t\t\t<\/div>\n\t\t\t\t<\/div>\n\t\t\t\t<div class=\"elementor-element elementor-element-ae9c1b2 elementor-widget elementor-widget-heading\" data-id=\"ae9c1b2\" data-element_type=\"widget\" data-widget_type=\"heading.default\">\n\t\t\t\t<div class=\"elementor-widget-container\">\n\t\t\t<h6 class=\"elementor-heading-title elementor-size-default\">Tauchen Sie ein in die Welt der klassischen Ballroom Dance Musik<br>\nund lassen Sie sich von meinen exquisiten Kl\u00e4ngen<br>\nzu unvergesslichen Tanzmomenten verf\u00fchren<\/h6>\t\t<\/div>\n\t\t\t\t<\/div>\n\t\t\t\t<div class=\"elementor-element elementor-element-1fbf33c elementor-widget elementor-widget-heading\" data-id=\"1fbf33c\" data-element_type=\"widget\" data-widget_type=\"heading.default\">\n\t\t\t\t<div class=\"elementor-widget-container\">\n\t\t\t<h6 class=\"elementor-heading-title elementor-size-default\">- garantiert handgemacht und live -<\/h6>\t\t<\/div>\n\t\t\t\t<\/div>\n\t\t\t\t<div class=\"elementor-element elementor-element-e14f2e8 elementor-widget elementor-widget-heading\" data-id=\"e14f2e8\" data-element_type=\"widget\" data-widget_type=\"heading.default\">\n\t\t\t\t<div class=\"elementor-widget-container\">\n\t\t\t<h6 class=\"elementor-heading-title elementor-size-default\">Eleganz bei den Standardt\u00e4nzen, Emotion beim Blues,<br>\nLeidenschaft Lateinamerikanischer T\u00e4nze oder mitrei\u00dfender Disco Fox,<br>\nmeine erlesene Auswahl an erstklassiger Musik l\u00e4sst keine W\u00fcnsche offen<br>\nund Sie unvergessliche Momente auf dem Parkett erleben.<\/h6>\t\t<\/div>\n\t\t\t\t<\/div>\n\t\t\t\t<div class=\"elementor-element elementor-element-2117542 elementor-widget elementor-widget-heading\" data-id=\"2117542\" data-element_type=\"widget\" data-widget_type=\"heading.default\">\n\t\t\t\t<div class=\"elementor-widget-container\">\n\t\t\t<h6 class=\"elementor-heading-title elementor-size-default\">Egal ob f\u00fcr einem glamour\u00f6sen Galaball oder bei einem entspannten Tanztee Nachmittag,<br>\nmeine anspruchsvolle Live-Musik sorgt f\u00fcr eine einzigartige Atmosph\u00e4re voller Emotionen<br>\nund l\u00e4dt zum Tanzen ein.<\/h6>\t\t<\/div>\n\t\t\t\t<\/div>\n\t\t\t\t<div class=\"elementor-element elementor-element-5bd4ce3 elementor-widget elementor-widget-heading\" data-id=\"5bd4ce3\" data-element_type=\"widget\" data-widget_type=\"heading.default\">\n\t\t\t\t<div class=\"elementor-widget-container\">\n\t\t\t<h6 class=\"elementor-heading-title elementor-size-default\">Lassen Sie sich von den rhythmischen Melodien verzaubern und genie\u00dfen Sie<br>\nentspannte und unvergessliche Momente voller Eleganz und Leidenschaft.<br>\nErleben Sie die Faszination des klassischen Ballroom Dance<br>\nund machen Sie jeden Anla\u00df zu einem exquisiten und emotionalen Ereignis!<\/h6>\t\t<\/div>\n\t\t\t\t<\/div>\n\t\t\t\t<div class=\"elementor-element elementor-element-ea09015 elementor-widget elementor-widget-spacer\" data-id=\"ea09015\" data-element_type=\"widget\" data-widget_type=\"spacer.default\">\n\t\t\t\t<div class=\"elementor-widget-container\">\n\t\t\t\t\t<div class=\"elementor-spacer\">\n\t\t\t<div class=\"elementor-spacer-inner\"><\/div>\n\t\t<\/div>\n\t\t\t\t<\/div>\n\t\t\t\t<\/div>\n\t\t\t\t<div class=\"elementor-element elementor-element-3896da6 elementor-widget elementor-widget-image\" data-id=\"3896da6\" data-element_type=\"widget\" data-widget_type=\"image.default\">\n\t\t\t\t<div class=\"elementor-widget-container\">\n\t\t\t\t\t\t\t\t\t\t\t\t\t<img fetchpriority=\"high\" decoding=\"async\" width=\"264\" height=\"300\" src=\"https:\/\/www.brettnacher.org\/brettnacher_wp\/wp-content\/uploads\/Tanzpaar-1-264x300.jpg\" class=\"attachment-medium size-medium wp-image-7473\" alt=\"Tanzpaar\" srcset=\"https:\/\/www.brettnacher.org\/brettnacher_wp\/wp-content\/uploads\/Tanzpaar-1-264x300.jpg 264w, https:\/\/www.brettnacher.org\/brettnacher_wp\/wp-content\/uploads\/Tanzpaar-1-768x872.jpg 768w, https:\/\/www.brettnacher.org\/brettnacher_wp\/wp-content\/uploads\/Tanzpaar-1-830x943.jpg 830w, https:\/\/www.brettnacher.org\/brettnacher_wp\/wp-content\/uploads\/Tanzpaar-1-230x261.jpg 230w, https:\/\/www.brettnacher.org\/brettnacher_wp\/wp-content\/uploads\/Tanzpaar-1-350x397.jpg 350w, https:\/\/www.brettnacher.org\/brettnacher_wp\/wp-content\/uploads\/Tanzpaar-1-480x545.jpg 480w, https:\/\/www.brettnacher.org\/brettnacher_wp\/wp-content\/uploads\/Tanzpaar-1.jpg 848w\" sizes=\"(max-width: 264px) 100vw, 264px\" \/>\t\t\t\t\t\t\t\t\t\t\t\t\t<\/div>\n\t\t\t\t<\/div>\n\t\t\t\t<div class=\"elementor-element elementor-element-8524fcb elementor-widget elementor-widget-spacer\" data-id=\"8524fcb\" data-element_type=\"widget\" data-widget_type=\"spacer.default\">\n\t\t\t\t<div class=\"elementor-widget-container\">\n\t\t\t\t\t<div class=\"elementor-spacer\">\n\t\t\t<div class=\"elementor-spacer-inner\"><\/div>\n\t\t<\/div>\n\t\t\t\t<\/div>\n\t\t\t\t<\/div>\n\t\t\t\t\t<\/div>\n\t\t<\/div>\n\t\t\t\t\t<\/div>\n\t\t<\/section>\n\t\t\t\t<section class=\"has_eae_slider elementor-section elementor-top-section elementor-element elementor-element-20a3168 elementor-section-boxed elementor-section-height-default elementor-section-height-default\" data-id=\"20a3168\" data-element_type=\"section\">\n\t\t\t\t\t\t<div class=\"elementor-container elementor-column-gap-default\">\n\t\t\t\t\t<div class=\"has_eae_slider elementor-column elementor-col-100 elementor-top-column elementor-element elementor-element-95dee3e\" data-id=\"95dee3e\" data-element_type=\"column\">\n\t\t\t<div class=\"elementor-widget-wrap\">\n\t\t\t\t\t\t\t<\/div>\n\t\t<\/div>\n\t\t\t\t\t<\/div>\n\t\t<\/section>\n\t\t\t\t<\/div>\n\t\t","protected":false},"excerpt":{"rendered":"<p>&#8211; Ballroom Dance &#8211; Tauchen Sie ein in die Welt der klassischen Ballroom Dance Musik und lassen Sie sich von meinen exquisiten Kl\u00e4ngen zu unvergesslichen Tanzmomenten verf\u00fchren &#8211; garantiert handgemacht und live &#8211; Eleganz bei den Standardt\u00e4nzen, Emotion beim Blues, Leidenschaft Lateinamerikanischer T\u00e4nze oder mitrei\u00dfender Disco Fox, meine erlesene Auswahl an erstklassiger Musik l\u00e4sst keine [&hellip;]<\/p>\n","protected":false},"author":2,"featured_media":0,"parent":0,"menu_order":0,"comment_status":"closed","ping_status":"closed","template":"page-templates\/page_front-page.php","meta":{"footnotes":""},"_links":{"self":[{"href":"https:\/\/www.brettnacher.org\/musik\/wp-json\/wp\/v2\/pages\/2791"}],"collection":[{"href":"https:\/\/www.brettnacher.org\/musik\/wp-json\/wp\/v2\/pages"}],"about":[{"href":"https:\/\/www.brettnacher.org\/musik\/wp-json\/wp\/v2\/types\/page"}],"author":[{"embeddable":true,"href":"https:\/\/www.brettnacher.org\/musik\/wp-json\/wp\/v2\/users\/2"}],"replies":[{"embeddable":true,"href":"https:\/\/www.brettnacher.org\/musik\/wp-json\/wp\/v2\/comments?post=2791"}],"version-history":[{"count":254,"href":"https:\/\/www.brettnacher.org\/musik\/wp-json\/wp\/v2\/pages\/2791\/revisions"}],"predecessor-version":[{"id":7786,"href":"https:\/\/www.brettnacher.org\/musik\/wp-json\/wp\/v2\/pages\/2791\/revisions\/7786"}],"wp:attachment":[{"href":"https:\/\/www.brettnacher.org\/musik\/wp-json\/wp\/v2\/media?parent=2791"}],"curies":[{"name":"wp","href":"https:\/\/api.w.org\/{rel}","templated":true}]}}